{"id":29,"date":"2020-11-21T15:09:20","date_gmt":"2020-11-21T14:09:20","guid":{"rendered":"http:\/\/skytech.fr\/SKYTECH2\/SKYTECH3\/?page_id=29"},"modified":"2020-11-21T15:09:20","modified_gmt":"2020-11-21T14:09:20","slug":"qui-sommes-nous-2","status":"publish","type":"page","link":"http:\/\/skytech.fr\/index.php\/qui-sommes-nous-2\/","title":{"rendered":"Qui sommes-nous ?"},"content":{"rendered":"\n<p class=\"has-text-align-left\">Forte d\u2019une exp\u00e9rience de plus de 20 ans et des qualifications professionnelles de son dirigeant, <strong>SKYTECH.FR<\/strong>, fournit, installe, met en service, et assure la <strong>formation<\/strong> et la <strong>maintenance<\/strong> d\u2019installations informatiques et de r\u00e9seaux.<\/p>\n\n\n\n<p class=\"has-text-align-left\">Nos \u00e9quipes interviennent au sein de structures, telles que les <strong>grandes<\/strong> <strong>entreprises<\/strong>, les <strong>collectivit\u00e9s<\/strong> <strong>territoriales<\/strong>, les <strong>\u00e9tablissements<\/strong> <strong>d\u2019enseignement<\/strong>, <strong>SSII<\/strong>, <strong>PMI\/PME<\/strong>, la <strong>Grande distribution<\/strong>, les <strong>commerces<\/strong> et les <strong>prestataires de services<\/strong>.<\/p>\n","protected":false},"excerpt":{"rendered":"<p>Forte d\u2019une exp\u00e9rience de plus de 20 ans et des qualifications professionnelles de son dirigeant, SKYTECH.FR, fournit, installe, met en service, et assure la formation et la maintenance d\u2019installations informatiques et de r\u00e9seaux. Nos \u00e9quipes interviennent au sein de structures, telles que les grandes entreprises, les collectivit\u00e9s territoriales, les \u00e9tablissements d\u2019enseignement, SSII, PMI\/PME, la Grande&hellip; <br \/> <a class=\"read-more\" href=\"http:\/\/skytech.fr\/index.php\/qui-sommes-nous-2\/\">Lire la suite<\/a><\/p>\n","protected":false},"author":1,"featured_media":0,"parent":0,"menu_order":0,"comment_status":"closed","ping_status":"closed","template":"","meta":{"_vp_format_video_url":"","_vp_image_focal_point":[]},"_links":{"self":[{"href":"http:\/\/skytech.fr\/index.php\/wp-json\/wp\/v2\/pages\/29"}],"collection":[{"href":"http:\/\/skytech.fr\/index.php\/wp-json\/wp\/v2\/pages"}],"about":[{"href":"http:\/\/skytech.fr\/index.php\/wp-json\/wp\/v2\/types\/page"}],"author":[{"embeddable":true,"href":"http:\/\/skytech.fr\/index.php\/wp-json\/wp\/v2\/users\/1"}],"replies":[{"embeddable":true,"href":"http:\/\/skytech.fr\/index.php\/wp-json\/wp\/v2\/comments?post=29"}],"version-history":[{"count":3,"href":"http:\/\/skytech.fr\/index.php\/wp-json\/wp\/v2\/pages\/29\/revisions"}],"predecessor-version":[{"id":61,"href":"http:\/\/skytech.fr\/index.php\/wp-json\/wp\/v2\/pages\/29\/revisions\/61"}],"wp:attachment":[{"href":"http:\/\/skytech.fr\/index.php\/wp-json\/wp\/v2\/media?parent=29"}],"curies":[{"name":"wp","href":"https:\/\/api.w.org\/{rel}","templated":true}]}}